{"id":460,"date":"2014-02-24T12:00:56","date_gmt":"2014-02-24T12:00:56","guid":{"rendered":"https:\/\/www.test.wordsinaction.fr\/wp\/?page_id=460"},"modified":"2022-02-13T13:43:17","modified_gmt":"2022-02-13T13:43:17","slug":"resultats","status":"publish","type":"page","link":"https:\/\/www.test.wordsinaction.fr\/wp\/tests\/resultats\/","title":{"rendered":"R\u00e9sultats de nos tests de niveau"},"content":{"rendered":"\n<h2 class=\"wp-block-heading\" id=\"niveaux-cecrl-obtenus-par-nos-apprenants\">Niveaux CECRL obtenus par nos apprenants<\/h2>\n\n\n\n<p>Le graphique ci-dessous montre les r\u00e9sultats obtenus par nos apprenants depuis le d\u00e9but de l&rsquo;ann\u00e9e 2021. Les r\u00e9sultats sont mises \u00e0 jour automatiquement apr\u00e8s le passage des tests.<\/p>\n\n\n\n<div class=\"wp-block-columns is-layout-flex wp-container-core-columns-is-layout-9d6595d7 wp-block-columns-is-layout-flex\">\n<div class=\"wp-block-column is-layout-flow wp-block-column-is-layout-flow\" style=\"flex-basis:10%\"><\/div>\n\n\n\n<div class=\"wp-block-column is-layout-flow wp-block-column-is-layout-flow\" style=\"flex-basis:80%\">\n<iframe src=\"https:\/\/docs.google.com\/spreadsheets\/d\/e\/2PACX-1vRBn8K1WEFLTXMxYHUZImSPkDBj8TdprVApcWYo_t-d-VS9apGH3tQp3QcwJflUQhY3ftGG_35409dY\/pubhtml?gid=1176599015&amp;single=true&amp;widget=true&amp;headers=false\" style=\"height:600px;width:700px\"><\/iframe>\n<\/div>\n\n\n\n<div class=\"wp-block-column is-layout-flow wp-block-column-is-layout-flow\" style=\"flex-basis:10%\"><\/div>\n<\/div>\n\n\n\n<div class=\"wp-block-columns is-layout-flex wp-container-core-columns-is-layout-9d6595d7 wp-block-columns-is-layout-flex\"><\/div>\n\n\n\n<p><\/p>\n","protected":false},"excerpt":{"rendered":"<p>Niveaux CECRL obtenus par nos apprenants Le graphique ci-dessous montre les r\u00e9sultats obtenus par nos apprenants depuis le d\u00e9but de l&rsquo;ann\u00e9e 2021. Les r\u00e9sultats sont mises \u00e0 jour automatiquement apr\u00e8s le passage des tests.<\/p>\n","protected":false},"author":1,"featured_media":0,"parent":1786,"menu_order":0,"comment_status":"closed","ping_status":"closed","template":"","meta":{"footnotes":""},"class_list":["post-460","page","type-page","status-publish","czr-hentry"],"_links":{"self":[{"href":"https:\/\/www.test.wordsinaction.fr\/wp\/wp-json\/wp\/v2\/pages\/460","targetHints":{"allow":["GET"]}}],"collection":[{"href":"https:\/\/www.test.wordsinaction.fr\/wp\/wp-json\/wp\/v2\/pages"}],"about":[{"href":"https:\/\/www.test.wordsinaction.fr\/wp\/wp-json\/wp\/v2\/types\/page"}],"author":[{"embeddable":true,"href":"https:\/\/www.test.wordsinaction.fr\/wp\/wp-json\/wp\/v2\/users\/1"}],"replies":[{"embeddable":true,"href":"https:\/\/www.test.wordsinaction.fr\/wp\/wp-json\/wp\/v2\/comments?post=460"}],"version-history":[{"count":29,"href":"https:\/\/www.test.wordsinaction.fr\/wp\/wp-json\/wp\/v2\/pages\/460\/revisions"}],"predecessor-version":[{"id":1791,"href":"https:\/\/www.test.wordsinaction.fr\/wp\/wp-json\/wp\/v2\/pages\/460\/revisions\/1791"}],"up":[{"embeddable":true,"href":"https:\/\/www.test.wordsinaction.fr\/wp\/wp-json\/wp\/v2\/pages\/1786"}],"wp:attachment":[{"href":"https:\/\/www.test.wordsinaction.fr\/wp\/wp-json\/wp\/v2\/media?parent=460"}],"curies":[{"name":"wp","href":"https:\/\/api.w.org\/{rel}","templated":true}]}}