{"id":1879,"date":"2024-03-24T13:57:21","date_gmt":"2024-03-24T13:57:21","guid":{"rendered":"https:\/\/www.test.wordsinaction.fr\/wp\/?page_id=1879"},"modified":"2025-06-28T15:24:44","modified_gmt":"2025-06-28T15:24:44","slug":"english-360-certificate","status":"publish","type":"page","link":"https:\/\/www.test.wordsinaction.fr\/wp\/tests\/english-360-certificate\/","title":{"rendered":"English 360\u00b0 Certificate"},"content":{"rendered":"<div class=\"wp-block-image\">\n<figure class=\"aligncenter size-medium is-resized\"><a href=\"https:\/\/www.test.wordsinaction.fr\/wp\/wp-content\/uploads\/2024\/03\/English-360-logo.png\"><img loading=\"lazy\" decoding=\"async\" width=\"300\" height=\"288\" src=\"https:\/\/www.test.wordsinaction.fr\/wp\/wp-content\/uploads\/2024\/03\/English-360-logo-300x288.png\" alt=\"\" class=\"wp-image-1883\" style=\"width:304px;height:auto\" srcset=\"https:\/\/www.test.wordsinaction.fr\/wp\/wp-content\/uploads\/2024\/03\/English-360-logo-300x288.png 300w, https:\/\/www.test.wordsinaction.fr\/wp\/wp-content\/uploads\/2024\/03\/English-360-logo-1024x984.png 1024w, https:\/\/www.test.wordsinaction.fr\/wp\/wp-content\/uploads\/2024\/03\/English-360-logo-768x738.png 768w, https:\/\/www.test.wordsinaction.fr\/wp\/wp-content\/uploads\/2024\/03\/English-360-logo-1536x1476.png 1536w, https:\/\/www.test.wordsinaction.fr\/wp\/wp-content\/uploads\/2024\/03\/English-360-logo-2048x1969.png 2048w\" sizes=\"auto, (max-width: 300px) 100vw, 300px\" \/><\/a><\/figure>\n<\/div>\n\n\n<div style=\"height:45px\" aria-hidden=\"true\" class=\"wp-block-spacer\"><\/div>\n\n\n\n<p><\/p>\n\n\n\n<p>Nos programmes de formation en anglais pr\u00e9parent les candidats au certificat English 360\u00b0 (RS6341), certifi\u00e9 par AZURE SOLUTIONS. <\/p>\n\n\n\n<p>Cette certification \u00e9value la ma\u00eetrise de la langue anglaise dans un contexte professionnel \u00e0 travers cinq comp\u00e9tences : interaction orale, production orale, compr\u00e9hension orale, expression \u00e9crite et compr\u00e9hension \u00e9crite. <\/p>\n\n\n\n<p>Les r\u00e9sultats sont r\u00e9f\u00e9renc\u00e9s au Cadre Europ\u00e9en Commun de R\u00e9f\u00e9rence pour les Langues (CECRL) avec des niveaux de A2 \u00e0 C2.<\/p>\n\n\n\n<p class=\"has-medium-font-size\">Liens utiles :<\/p>\n\n\n\n<p><strong>France Comp\u00e9tences :<\/strong> <a href=\"https:\/\/www.francecompetences.fr\/recherche\/rs\/6341\/\" target=\"_blank\" rel=\"noreferrer noopener\">https:\/\/www.francecompetences.fr\/recherche\/rs\/6341\/<\/a><\/p>\n\n\n\n<p><strong>English 360\u00b0 :<\/strong> <a href=\"https:\/\/english360exam.com\/\" target=\"_blank\" rel=\"noreferrer noopener\">https:\/\/english360exam.com<\/a><\/p>\n\n\n\n<p><strong>R\u00e9f\u00e9rence CECRL :<\/strong> <a href=\"https:\/\/www.coe.int\/fr\/web\/common-european-framework-reference-languages\/table-1-cefr-3.3-common-reference-levels-global-scale\" target=\"_blank\" rel=\"noreferrer noopener\">https:\/\/www.coe.int\/fr\/web\/common-european-framework-reference-languages\/table-1-cefr-3.3-common-reference-levels-global-scale<\/a><\/p>\n\n\n\n<p><strong>Notre offre sur MonCompteFormation :<\/strong> <a href=\"https:\/\/www.moncompteformation.gouv.fr\/espace-prive\/html\/#\/formation\/recherche\/80029431600024_wina20h360\/80029431600024_wina20h360act1?contexteFormation=ACTIVITE_PROFESSIONNELLE\" data-type=\"link\" data-id=\"https:\/\/www.moncompteformation.gouv.fr\/espace-prive\/html\/#\/formation\/recherche\/80029431600024_wina20h360\/80029431600024_wina20h360act1?contexteFormation=ACTIVITE_PROFESSIONNELLE\">Offre CPF Words in Action<\/a><\/p>\n\n\n<div class=\"wp-block-image\">\n<figure class=\"aligncenter size-medium\"><a href=\"https:\/\/www.test.wordsinaction.fr\/wp\/wp-content\/uploads\/2024\/03\/English360-Partner-Badge.png\"><img loading=\"lazy\" decoding=\"async\" width=\"300\" height=\"127\" src=\"https:\/\/www.test.wordsinaction.fr\/wp\/wp-content\/uploads\/2024\/03\/English360-Partner-Badge-300x127.png\" alt=\"\" class=\"wp-image-1882\" srcset=\"https:\/\/www.test.wordsinaction.fr\/wp\/wp-content\/uploads\/2024\/03\/English360-Partner-Badge-300x127.png 300w, https:\/\/www.test.wordsinaction.fr\/wp\/wp-content\/uploads\/2024\/03\/English360-Partner-Badge.png 600w\" sizes=\"auto, (max-width: 300px) 100vw, 300px\" \/><\/a><\/figure>\n<\/div>\n\n\n<p><\/p>\n","protected":false},"excerpt":{"rendered":"<p>Nos programmes de formation en anglais pr\u00e9parent les candidats au certificat English 360\u00b0 (RS6341), certifi\u00e9 par AZURE SOLUTIONS. Cette certification \u00e9value la ma\u00eetrise de la langue anglaise dans un contexte professionnel \u00e0 travers cinq comp\u00e9tences : interaction orale, production orale, compr\u00e9hension orale, expression \u00e9crite et compr\u00e9hension \u00e9crite. Les r\u00e9sultats sont r\u00e9f\u00e9renc\u00e9s au Cadre Europ\u00e9en Commun [&hellip;]<\/p>\n","protected":false},"author":1,"featured_media":0,"parent":1786,"menu_order":0,"comment_status":"closed","ping_status":"closed","template":"","meta":{"footnotes":""},"class_list":["post-1879","page","type-page","status-publish","czr-hentry"],"_links":{"self":[{"href":"https:\/\/www.test.wordsinaction.fr\/wp\/wp-json\/wp\/v2\/pages\/1879","targetHints":{"allow":["GET"]}}],"collection":[{"href":"https:\/\/www.test.wordsinaction.fr\/wp\/wp-json\/wp\/v2\/pages"}],"about":[{"href":"https:\/\/www.test.wordsinaction.fr\/wp\/wp-json\/wp\/v2\/types\/page"}],"author":[{"embeddable":true,"href":"https:\/\/www.test.wordsinaction.fr\/wp\/wp-json\/wp\/v2\/users\/1"}],"replies":[{"embeddable":true,"href":"https:\/\/www.test.wordsinaction.fr\/wp\/wp-json\/wp\/v2\/comments?post=1879"}],"version-history":[{"count":10,"href":"https:\/\/www.test.wordsinaction.fr\/wp\/wp-json\/wp\/v2\/pages\/1879\/revisions"}],"predecessor-version":[{"id":1955,"href":"https:\/\/www.test.wordsinaction.fr\/wp\/wp-json\/wp\/v2\/pages\/1879\/revisions\/1955"}],"up":[{"embeddable":true,"href":"https:\/\/www.test.wordsinaction.fr\/wp\/wp-json\/wp\/v2\/pages\/1786"}],"wp:attachment":[{"href":"https:\/\/www.test.wordsinaction.fr\/wp\/wp-json\/wp\/v2\/media?parent=1879"}],"curies":[{"name":"wp","href":"https:\/\/api.w.org\/{rel}","templated":true}]}}